{"id":1120,"date":"2020-04-13T11:46:16","date_gmt":"2020-04-13T08:46:16","guid":{"rendered":"https:\/\/theberber.net\/reyhans\/?page_id=1120"},"modified":"2020-05-15T02:23:39","modified_gmt":"2020-05-14T23:23:39","slug":"odalar","status":"publish","type":"page","link":"https:\/\/www.cappadociaabrascave.com\/tr\/?page_id=1120","title":{"rendered":"Odalar"},"content":{"rendered":"<p>[vc_row][vc_column]<div class=\"cz_gap clr \" style=\"height: 5px\"><\/div><div id=\"cz_109241\" class=\"cz_109241 cz_title clr cz_title_pos_inline tac\"><div class=\"cz_title_content\"><span class=\"cz_line_side_solo\">_<\/span><div class=\"cz_wpe_content\"><p style=\"text-align: center;\"><span style=\"font-size: 32px; color: #6d2375;\"><strong><span style=\"font-family: Raleway;\">\u0130ki Ki\u015filik Odalar<br \/>\n<\/span><\/strong><\/span><\/p>\n<\/div><span class=\"cz_line_side_solo cz_line_side_after\" style=\"left:1px\">_<\/span><\/div><\/div><div class=\"cz_gap clr \" style=\"height: 50px\"><\/div>[\/vc_column][\/vc_row][vc_row][vc_column width=&#8221;1\/3&#8243;]<div id=\"cz_17487\" class=\"cz_17487 cz_banner clr wpb_animate_when_almost_visible flipInY\">\n\t\t\t<figure class=\"effect-style18\">\n\t\t\t\t<img width=\"1000\" height=\"666\" src=\"https:\/\/www.cappadociaabrascave.com\/tr\/wp-content\/uploads\/2020\/04\/102.jpg\" class=\"attachment-full\" alt=\"\" decoding=\"async\" loading=\"lazy\" srcset=\"https:\/\/www.cappadociaabrascave.com\/tr\/wp-content\/uploads\/2020\/04\/102.jpg 1000w, https:\/\/www.cappadociaabrascave.com\/tr\/wp-content\/uploads\/2020\/04\/102-300x200.jpg 300w, https:\/\/www.cappadociaabrascave.com\/tr\/wp-content\/uploads\/2020\/04\/102-768x511.jpg 768w, https:\/\/www.cappadociaabrascave.com\/tr\/wp-content\/uploads\/2020\/04\/102-600x400.jpg 600w\" sizes=\"(max-width: 1000px) 100vw, 1000px\" \/>\n\t\t\t\t<figcaption><div><h4>102<\/h4><p class=\"cz_wpe_content\">Detaylar<\/p><\/div><a href=\"http:\/\/www.cappadociaabrascave.com\/tr\/?portfolio=102-double\" title=\"102 Double\"> <\/a><\/figcaption>\t\t\t\n\t\t\t<\/figure>\n\t\t<\/div><div class=\"cz_gap clr \" style=\"height: 10px\"><\/div>[vc_column_text]<\/p>\n<p style=\"text-align: center;\"><strong>102<\/strong><\/p>\n<p>[\/vc_column_text][\/vc_column][vc_column width=&#8221;1\/3&#8243;]<div id=\"cz_104554\" class=\"cz_104554 cz_banner clr wpb_animate_when_almost_visible flipInY\">\n\t\t\t<figure class=\"effect-style18\">\n\t\t\t\t<img width=\"1000\" height=\"666\" src=\"https:\/\/www.cappadociaabrascave.com\/tr\/wp-content\/uploads\/2020\/04\/104b.jpg\" class=\"attachment-full\" alt=\"\" decoding=\"async\" loading=\"lazy\" srcset=\"https:\/\/www.cappadociaabrascave.com\/tr\/wp-content\/uploads\/2020\/04\/104b.jpg 1000w, https:\/\/www.cappadociaabrascave.com\/tr\/wp-content\/uploads\/2020\/04\/104b-300x200.jpg 300w, https:\/\/www.cappadociaabrascave.com\/tr\/wp-content\/uploads\/2020\/04\/104b-768x511.jpg 768w, https:\/\/www.cappadociaabrascave.com\/tr\/wp-content\/uploads\/2020\/04\/104b-600x400.jpg 600w\" sizes=\"(max-width: 1000px) 100vw, 1000px\" \/>\n\t\t\t\t<figcaption><div><h4>104<\/h4><p class=\"cz_wpe_content\">Detaylar<\/p><\/div><a href=\"http:\/\/www.cappadociaabrascave.com\/tr\/?portfolio=104-double\" title=\"104 Double\"> <\/a><\/figcaption>\t\t\t\n\t\t\t<\/figure>\n\t\t<\/div><div class=\"cz_gap clr \" style=\"height: 10px\"><\/div>[vc_column_text]<\/p>\n<p style=\"text-align: center;\"><strong>104<\/strong><\/p>\n<p>[\/vc_column_text][\/vc_column][vc_column width=&#8221;1\/3&#8243;]<div id=\"cz_91664\" class=\"cz_91664 cz_banner clr wpb_animate_when_almost_visible flipInY\">\n\t\t\t<figure class=\"effect-style18\">\n\t\t\t\t<img width=\"1000\" height=\"666\" src=\"https:\/\/www.cappadociaabrascave.com\/tr\/wp-content\/uploads\/2020\/04\/105.jpg\" class=\"attachment-full\" alt=\"\" decoding=\"async\" loading=\"lazy\" srcset=\"https:\/\/www.cappadociaabrascave.com\/tr\/wp-content\/uploads\/2020\/04\/105.jpg 1000w, https:\/\/www.cappadociaabrascave.com\/tr\/wp-content\/uploads\/2020\/04\/105-300x200.jpg 300w, https:\/\/www.cappadociaabrascave.com\/tr\/wp-content\/uploads\/2020\/04\/105-768x511.jpg 768w, https:\/\/www.cappadociaabrascave.com\/tr\/wp-content\/uploads\/2020\/04\/105-600x400.jpg 600w\" sizes=\"(max-width: 1000px) 100vw, 1000px\" \/>\n\t\t\t\t<figcaption><div><h4>105<\/h4><p class=\"cz_wpe_content\">Detaylar<\/p><\/div><a href=\"http:\/\/www.cappadociaabrascave.com\/tr\/?portfolio=105-double\" title=\"105 Double\"> <\/a><\/figcaption>\t\t\t\n\t\t\t<\/figure>\n\t\t<\/div><div class=\"cz_gap clr \" style=\"height: 10px\"><\/div>[vc_column_text]<\/p>\n<p style=\"text-align: center;\"><strong>105<br \/>\n<\/strong><\/p>\n<p>[\/vc_column_text][\/vc_column][\/vc_row][vc_row][vc_column width=&#8221;1\/3&#8243;]<div id=\"cz_69279\" class=\"cz_69279 cz_banner clr wpb_animate_when_almost_visible flipInY\">\n\t\t\t<figure class=\"effect-style18\">\n\t\t\t\t<img width=\"1000\" height=\"666\" src=\"https:\/\/www.cappadociaabrascave.com\/tr\/wp-content\/uploads\/2020\/04\/106-1.jpg\" class=\"attachment-full\" alt=\"\" decoding=\"async\" loading=\"lazy\" srcset=\"https:\/\/www.cappadociaabrascave.com\/tr\/wp-content\/uploads\/2020\/04\/106-1.jpg 1000w, https:\/\/www.cappadociaabrascave.com\/tr\/wp-content\/uploads\/2020\/04\/106-1-300x200.jpg 300w, https:\/\/www.cappadociaabrascave.com\/tr\/wp-content\/uploads\/2020\/04\/106-1-768x511.jpg 768w, https:\/\/www.cappadociaabrascave.com\/tr\/wp-content\/uploads\/2020\/04\/106-1-600x400.jpg 600w\" sizes=\"(max-width: 1000px) 100vw, 1000px\" \/>\n\t\t\t\t<figcaption><div><h4>106<\/h4><p class=\"cz_wpe_content\">Detaylar<\/p><\/div><a href=\"http:\/\/www.cappadociaabrascave.com\/tr\/?portfolio=106-double\" title=\"106 Double\"> <\/a><\/figcaption>\t\t\t\n\t\t\t<\/figure>\n\t\t<\/div><div class=\"cz_gap clr \" style=\"height: 10px\"><\/div>[vc_column_text]<\/p>\n<p style=\"text-align: center;\"><strong>106<\/strong><\/p>\n<p>[\/vc_column_text][\/vc_column][vc_column width=&#8221;1\/3&#8243;]<div id=\"cz_37446\" class=\"cz_37446 cz_banner clr wpb_animate_when_almost_visible flipInY\">\n\t\t\t<figure class=\"effect-style18\">\n\t\t\t\t<img width=\"1000\" height=\"666\" src=\"https:\/\/www.cappadociaabrascave.com\/tr\/wp-content\/uploads\/2020\/04\/202a.jpg\" class=\"attachment-full\" alt=\"\" decoding=\"async\" loading=\"lazy\" srcset=\"https:\/\/www.cappadociaabrascave.com\/tr\/wp-content\/uploads\/2020\/04\/202a.jpg 1000w, https:\/\/www.cappadociaabrascave.com\/tr\/wp-content\/uploads\/2020\/04\/202a-300x200.jpg 300w, https:\/\/www.cappadociaabrascave.com\/tr\/wp-content\/uploads\/2020\/04\/202a-768x511.jpg 768w, https:\/\/www.cappadociaabrascave.com\/tr\/wp-content\/uploads\/2020\/04\/202a-600x400.jpg 600w\" sizes=\"(max-width: 1000px) 100vw, 1000px\" \/>\n\t\t\t\t<figcaption><div><h4>202<\/h4><p class=\"cz_wpe_content\">Details<\/p><\/div><a href=\"http:\/\/www.cappadociaabrascave.com\/?portfolio=202-double\" title=\"104 Double\"> <\/a><\/figcaption>\t\t\t\n\t\t\t<\/figure>\n\t\t<\/div><div class=\"cz_gap clr \" style=\"height: 10px\"><\/div>[vc_column_text]<\/p>\n<p style=\"text-align: center;\"><strong>202<\/strong><\/p>\n<p>[\/vc_column_text][\/vc_column][vc_column width=&#8221;1\/3&#8243;]<div id=\"cz_16652\" class=\"cz_16652 cz_banner clr wpb_animate_when_almost_visible flipInY\">\n\t\t\t<figure class=\"effect-style18\">\n\t\t\t\t<img width=\"1000\" height=\"666\" src=\"https:\/\/www.cappadociaabrascave.com\/tr\/wp-content\/uploads\/2020\/04\/204a.jpg\" class=\"attachment-full\" alt=\"\" decoding=\"async\" loading=\"lazy\" srcset=\"https:\/\/www.cappadociaabrascave.com\/tr\/wp-content\/uploads\/2020\/04\/204a.jpg 1000w, https:\/\/www.cappadociaabrascave.com\/tr\/wp-content\/uploads\/2020\/04\/204a-300x200.jpg 300w, https:\/\/www.cappadociaabrascave.com\/tr\/wp-content\/uploads\/2020\/04\/204a-768x511.jpg 768w, https:\/\/www.cappadociaabrascave.com\/tr\/wp-content\/uploads\/2020\/04\/204a-600x400.jpg 600w\" sizes=\"(max-width: 1000px) 100vw, 1000px\" \/>\n\t\t\t\t<figcaption><div><h4>204<\/h4><p class=\"cz_wpe_content\">Detaylar<\/p><\/div><a href=\"http:\/\/www.cappadociaabrascave.com\/tr\/?portfolio=204-doube\" title=\"105 Double\"> <\/a><\/figcaption>\t\t\t\n\t\t\t<\/figure>\n\t\t<\/div><div class=\"cz_gap clr \" style=\"height: 10px\"><\/div>[vc_column_text]<\/p>\n<p style=\"text-align: center;\"><strong>204<br \/>\n<\/strong><\/p>\n<p>[\/vc_column_text][\/vc_column][\/vc_row][vc_row][vc_column]<div class=\"cz_gap clr \" style=\"height: 20px\"><\/div><div id=\"cz_34085\" class=\"cz_34085 cz_title clr cz_title_pos_inline tac\"><div class=\"cz_title_content\"><span class=\"cz_line_side_solo\">_<\/span><div class=\"cz_wpe_content\"><p style=\"text-align: center;\"><span style=\"font-size: 32px; color: #6d2375;\"><strong><span style=\"font-family: Raleway;\">\u00dc\u00e7 Ki\u015filik Odalar<br \/>\n<\/span><\/strong><\/span><\/p>\n<\/div><span class=\"cz_line_side_solo cz_line_side_after\" style=\"left:1px\">_<\/span><\/div><\/div><div class=\"cz_gap clr \" style=\"height: 50px\"><\/div>[\/vc_column][\/vc_row][vc_row][vc_column width=&#8221;1\/4&#8243;]<div id=\"cz_73298\" class=\"cz_73298 cz_banner clr wpb_animate_when_almost_visible flipInY\">\n\t\t\t<figure class=\"effect-style18\">\n\t\t\t\t<img width=\"1000\" height=\"666\" src=\"https:\/\/www.cappadociaabrascave.com\/tr\/wp-content\/uploads\/2020\/04\/101c.jpg\" class=\"attachment-full\" alt=\"\" decoding=\"async\" loading=\"lazy\" srcset=\"https:\/\/www.cappadociaabrascave.com\/tr\/wp-content\/uploads\/2020\/04\/101c.jpg 1000w, https:\/\/www.cappadociaabrascave.com\/tr\/wp-content\/uploads\/2020\/04\/101c-300x200.jpg 300w, https:\/\/www.cappadociaabrascave.com\/tr\/wp-content\/uploads\/2020\/04\/101c-768x511.jpg 768w, https:\/\/www.cappadociaabrascave.com\/tr\/wp-content\/uploads\/2020\/04\/101c-600x400.jpg 600w\" sizes=\"(max-width: 1000px) 100vw, 1000px\" \/>\n\t\t\t\t<figcaption><div><h4>101<\/h4><p class=\"cz_wpe_content\">Detaylar<\/p><\/div><a href=\"http:\/\/www.cappadociaabrascave.com\/tr\/?portfolio=101-triple\" title=\"106 Double\"> <\/a><\/figcaption>\t\t\t\n\t\t\t<\/figure>\n\t\t<\/div><div class=\"cz_gap clr \" style=\"height: 10px\"><\/div>[vc_column_text]<\/p>\n<p style=\"text-align: center;\"><strong>101<\/strong><\/p>\n<p>[\/vc_column_text][\/vc_column][vc_column width=&#8221;1\/4&#8243;]<div id=\"cz_81625\" class=\"cz_81625 cz_banner clr wpb_animate_when_almost_visible flipInY\">\n\t\t\t<figure class=\"effect-style18\">\n\t\t\t\t<img width=\"1000\" height=\"666\" src=\"https:\/\/www.cappadociaabrascave.com\/tr\/wp-content\/uploads\/2020\/04\/103.jpg\" class=\"attachment-full\" alt=\"\" decoding=\"async\" loading=\"lazy\" srcset=\"https:\/\/www.cappadociaabrascave.com\/tr\/wp-content\/uploads\/2020\/04\/103.jpg 1000w, https:\/\/www.cappadociaabrascave.com\/tr\/wp-content\/uploads\/2020\/04\/103-300x200.jpg 300w, https:\/\/www.cappadociaabrascave.com\/tr\/wp-content\/uploads\/2020\/04\/103-768x511.jpg 768w, https:\/\/www.cappadociaabrascave.com\/tr\/wp-content\/uploads\/2020\/04\/103-600x400.jpg 600w\" sizes=\"(max-width: 1000px) 100vw, 1000px\" \/>\n\t\t\t\t<figcaption><div><h4>103<\/h4><p class=\"cz_wpe_content\">Detaylar<\/p><\/div><a href=\"http:\/\/www.cappadociaabrascave.com\/tr\/?portfolio=103-triple\" title=\"104 Double\"> <\/a><\/figcaption>\t\t\t\n\t\t\t<\/figure>\n\t\t<\/div><div class=\"cz_gap clr \" style=\"height: 10px\"><\/div>[vc_column_text]<\/p>\n<p style=\"text-align: center;\"><strong>103<\/strong><\/p>\n<p>[\/vc_column_text][\/vc_column][vc_column width=&#8221;1\/4&#8243;]<div id=\"cz_68888\" class=\"cz_68888 cz_banner clr wpb_animate_when_almost_visible flipInY\">\n\t\t\t<figure class=\"effect-style18\">\n\t\t\t\t<img width=\"1000\" height=\"666\" src=\"https:\/\/www.cappadociaabrascave.com\/tr\/wp-content\/uploads\/2020\/04\/201.jpg\" class=\"attachment-full\" alt=\"\" decoding=\"async\" loading=\"lazy\" srcset=\"https:\/\/www.cappadociaabrascave.com\/tr\/wp-content\/uploads\/2020\/04\/201.jpg 1000w, https:\/\/www.cappadociaabrascave.com\/tr\/wp-content\/uploads\/2020\/04\/201-300x200.jpg 300w, https:\/\/www.cappadociaabrascave.com\/tr\/wp-content\/uploads\/2020\/04\/201-768x511.jpg 768w, https:\/\/www.cappadociaabrascave.com\/tr\/wp-content\/uploads\/2020\/04\/201-600x400.jpg 600w\" sizes=\"(max-width: 1000px) 100vw, 1000px\" \/>\n\t\t\t\t<figcaption><div><h4>201<\/h4><p class=\"cz_wpe_content\">Detaylar<\/p><\/div><a href=\"http:\/\/www.cappadociaabrascave.com\/tr\/?portfolio=201-triple\" title=\"105 Double\"> <\/a><\/figcaption>\t\t\t\n\t\t\t<\/figure>\n\t\t<\/div><div class=\"cz_gap clr \" style=\"height: 10px\"><\/div>[vc_column_text]<\/p>\n<p style=\"text-align: center;\"><strong>201<\/strong><\/p>\n<p>[\/vc_column_text][\/vc_column][vc_column width=&#8221;1\/4&#8243;]<div id=\"cz_98801\" class=\"cz_98801 cz_banner clr wpb_animate_when_almost_visible flipInY\">\n\t\t\t<figure class=\"effect-style18\">\n\t\t\t\t<img width=\"1000\" height=\"666\" src=\"https:\/\/www.cappadociaabrascave.com\/tr\/wp-content\/uploads\/2020\/04\/203d.jpg\" class=\"attachment-full\" alt=\"\" decoding=\"async\" loading=\"lazy\" srcset=\"https:\/\/www.cappadociaabrascave.com\/tr\/wp-content\/uploads\/2020\/04\/203d.jpg 1000w, https:\/\/www.cappadociaabrascave.com\/tr\/wp-content\/uploads\/2020\/04\/203d-300x200.jpg 300w, https:\/\/www.cappadociaabrascave.com\/tr\/wp-content\/uploads\/2020\/04\/203d-768x511.jpg 768w, https:\/\/www.cappadociaabrascave.com\/tr\/wp-content\/uploads\/2020\/04\/203d-600x400.jpg 600w\" sizes=\"(max-width: 1000px) 100vw, 1000px\" \/>\n\t\t\t\t<figcaption><div><h4>203<\/h4><p class=\"cz_wpe_content\">Detaylar<\/p><\/div><a href=\"http:\/\/www.cappadociaabrascave.com\/tr\/?portfolio=203-triple\" title=\"105 Double\"> <\/a><\/figcaption>\t\t\t\n\t\t\t<\/figure>\n\t\t<\/div><div class=\"cz_gap clr \" style=\"height: 10px\"><\/div>[vc_column_text]<\/p>\n<p style=\"text-align: center;\"><strong>203<\/strong><\/p>\n<p>[\/vc_column_text][\/vc_column][\/vc_row][vc_row][vc_column]<div class=\"cz_gap clr \" style=\"height: 20px\"><\/div><div id=\"cz_102591\" class=\"cz_102591 cz_title clr cz_title_pos_inline tac\"><div class=\"cz_title_content\"><span class=\"cz_line_side_solo\">_<\/span><div class=\"cz_wpe_content\"><p style=\"text-align: center;\"><span style=\"font-size: 32px; color: #6d2375;\"><strong><span style=\"font-family: Raleway;\">Balay\u0131 Odas\u0131<br \/>\n<\/span><\/strong><\/span><\/p>\n<\/div><span class=\"cz_line_side_solo cz_line_side_after\" style=\"left:1px\">_<\/span><\/div><\/div><div class=\"cz_gap clr \" style=\"height: 50px\"><\/div>[\/vc_column][\/vc_row][vc_row][vc_column]<div id=\"cz_41129\" class=\"cz_41129 cz_banner clr wpb_animate_when_almost_visible flipInY\">\n\t\t\t<figure class=\"effect-style18\">\n\t\t\t\t<img width=\"1075\" height=\"717\" src=\"https:\/\/www.cappadociaabrascave.com\/tr\/wp-content\/uploads\/2020\/05\/balayiabras.jpg\" class=\"attachment-full\" alt=\"\" decoding=\"async\" loading=\"lazy\" srcset=\"https:\/\/www.cappadociaabrascave.com\/tr\/wp-content\/uploads\/2020\/05\/balayiabras.jpg 1075w, https:\/\/www.cappadociaabrascave.com\/tr\/wp-content\/uploads\/2020\/05\/balayiabras-300x200.jpg 300w, https:\/\/www.cappadociaabrascave.com\/tr\/wp-content\/uploads\/2020\/05\/balayiabras-1024x683.jpg 1024w, https:\/\/www.cappadociaabrascave.com\/tr\/wp-content\/uploads\/2020\/05\/balayiabras-768x512.jpg 768w, https:\/\/www.cappadociaabrascave.com\/tr\/wp-content\/uploads\/2020\/05\/balayiabras-600x400.jpg 600w\" sizes=\"(max-width: 1075px) 100vw, 1075px\" \/>\n\t\t\t\t<figcaption><div><h4>Balay\u0131 Odas\u0131<\/h4><p class=\"cz_wpe_content\">Detaylar<\/p><\/div><a href=\"http:\/\/www.cappadociaabrascave.com\/tr\/?portfolio=balayi-odasi\" title=\"106 Double\"> <\/a><\/figcaption>\t\t\t\n\t\t\t<\/figure>\n\t\t<\/div><div class=\"cz_gap clr \" style=\"height: 10px\"><\/div>[vc_column_text]<\/p>\n<p style=\"text-align: center;\"><strong>101<\/strong><\/p>\n<p>[\/vc_column_text][\/vc_column][\/vc_row][vc_row][vc_column]<div class=\"cz_gap clr \" style=\"height: 100px\"><\/div>[\/vc_column][\/vc_row]<\/p>\n","protected":false},"excerpt":{"rendered":"<p>[vc_row][vc_column][\/vc_column][\/vc_row][vc_row][vc_column width=&#8221;1\/3&#8243;][vc_column_text] 102 [\/vc_column_text][\/vc_column][vc_column width=&#8221;1\/3&#8243;][vc_column_text] 104 [\/vc_column_text][\/vc_column][vc_column width=&#8221;1\/3&#8243;][vc_column_text] 105 [\/vc_column_text][\/vc_column][\/vc_row][vc_row][vc_column width=&#8221;1\/3&#8243;][vc_column_text] 106 [\/vc_column_text][\/vc_column][vc_column width=&#8221;1\/3&#8243;][vc_column_text] 202 [\/vc_column_text][\/vc_column][vc_column width=&#8221;1\/3&#8243;][vc_column_text] 204 [\/vc_column_text][\/vc_column][\/vc_row][vc_row][vc_column][\/vc_column][\/vc_row][vc_row][vc_column width=&#8221;1\/4&#8243;][vc_column_text] &#8230; <\/p>\n","protected":false},"author":1,"featured_media":0,"parent":0,"menu_order":0,"comment_status":"closed","ping_status":"closed","template":"","meta":[],"_links":{"self":[{"href":"https:\/\/www.cappadociaabrascave.com\/tr\/index.php?rest_route=\/wp\/v2\/pages\/1120"}],"collection":[{"href":"https:\/\/www.cappadociaabrascave.com\/tr\/index.php?rest_route=\/wp\/v2\/pages"}],"about":[{"href":"https:\/\/www.cappadociaabrascave.com\/tr\/index.php?rest_route=\/wp\/v2\/types\/page"}],"author":[{"embeddable":true,"href":"https:\/\/www.cappadociaabrascave.com\/tr\/index.php?rest_route=\/wp\/v2\/users\/1"}],"replies":[{"embeddable":true,"href":"https:\/\/www.cappadociaabrascave.com\/tr\/index.php?rest_route=%2Fwp%2Fv2%2Fcomments&post=1120"}],"version-history":[{"count":19,"href":"https:\/\/www.cappadociaabrascave.com\/tr\/index.php?rest_route=\/wp\/v2\/pages\/1120\/revisions"}],"predecessor-version":[{"id":1268,"href":"https:\/\/www.cappadociaabrascave.com\/tr\/index.php?rest_route=\/wp\/v2\/pages\/1120\/revisions\/1268"}],"wp:attachment":[{"href":"https:\/\/www.cappadociaabrascave.com\/tr\/index.php?rest_route=%2Fwp%2Fv2%2Fmedia&parent=1120"}],"curies":[{"name":"wp","href":"https:\/\/api.w.org\/{rel}","templated":true}]}}