{"id":1159,"date":"2020-04-13T12:07:15","date_gmt":"2020-04-13T09:07:15","guid":{"rendered":"http:\/\/www.cappadociaabrascave.com\/?page_id=1159"},"modified":"2020-05-10T19:45:35","modified_gmt":"2020-05-10T16:45:35","slug":"uc-kisilik","status":"publish","type":"page","link":"https:\/\/www.cappadociaabrascave.com\/tr\/?page_id=1159","title":{"rendered":"\u00dc\u00e7 Ki\u015filik"},"content":{"rendered":"<p>[vc_row][vc_column]<div class=\"cz_gap clr \" style=\"height: 20px\"><\/div><div id=\"cz_16291\" class=\"cz_16291 cz_title clr cz_title_pos_inline tac\"><div class=\"cz_title_content\"><span class=\"cz_line_side_solo\">_<\/span><div class=\"cz_wpe_content\"><p style=\"text-align: center;\"><span style=\"font-size: 32px; color: #6d2375;\"><strong><span style=\"font-family: Raleway;\">\u00dc\u00e7 Ki\u015filik<br \/>\n<\/span><\/strong><\/span><\/p>\n<\/div><span class=\"cz_line_side_solo cz_line_side_after\" style=\"left:1px\">_<\/span><\/div><\/div><div class=\"cz_gap clr \" style=\"height: 50px\"><\/div>[\/vc_column][\/vc_row][vc_row][vc_column width=&#8221;1\/4&#8243;]<div id=\"cz_86875\" class=\"cz_86875 cz_banner clr wpb_animate_when_almost_visible flipInY\">\n\t\t\t<figure class=\"effect-style18\">\n\t\t\t\t<img width=\"1000\" height=\"666\" src=\"https:\/\/www.cappadociaabrascave.com\/tr\/wp-content\/uploads\/2020\/04\/101c.jpg\" class=\"attachment-full\" alt=\"\" decoding=\"async\" loading=\"lazy\" srcset=\"https:\/\/www.cappadociaabrascave.com\/tr\/wp-content\/uploads\/2020\/04\/101c.jpg 1000w, https:\/\/www.cappadociaabrascave.com\/tr\/wp-content\/uploads\/2020\/04\/101c-300x200.jpg 300w, https:\/\/www.cappadociaabrascave.com\/tr\/wp-content\/uploads\/2020\/04\/101c-768x511.jpg 768w, https:\/\/www.cappadociaabrascave.com\/tr\/wp-content\/uploads\/2020\/04\/101c-600x400.jpg 600w\" sizes=\"(max-width: 1000px) 100vw, 1000px\" \/>\n\t\t\t\t<figcaption><div><h4>101<\/h4><p class=\"cz_wpe_content\">Detaylar<\/p><\/div><a href=\"http:\/\/www.cappadociaabrascave.com\/tr\/?portfolio=101-triple\" title=\"101\"> <\/a><\/figcaption>\t\t\t\n\t\t\t<\/figure>\n\t\t<\/div><div class=\"cz_gap clr \" style=\"height: 10px\"><\/div>[vc_column_text]<\/p>\n<p style=\"text-align: center;\"><strong>101<\/strong><\/p>\n<p>[\/vc_column_text][\/vc_column][vc_column width=&#8221;1\/4&#8243;]<div id=\"cz_105413\" class=\"cz_105413 cz_banner clr wpb_animate_when_almost_visible flipInY\">\n\t\t\t<figure class=\"effect-style18\">\n\t\t\t\t<img width=\"1000\" height=\"666\" src=\"https:\/\/www.cappadociaabrascave.com\/tr\/wp-content\/uploads\/2020\/04\/103.jpg\" class=\"attachment-full\" alt=\"\" decoding=\"async\" loading=\"lazy\" srcset=\"https:\/\/www.cappadociaabrascave.com\/tr\/wp-content\/uploads\/2020\/04\/103.jpg 1000w, https:\/\/www.cappadociaabrascave.com\/tr\/wp-content\/uploads\/2020\/04\/103-300x200.jpg 300w, https:\/\/www.cappadociaabrascave.com\/tr\/wp-content\/uploads\/2020\/04\/103-768x511.jpg 768w, https:\/\/www.cappadociaabrascave.com\/tr\/wp-content\/uploads\/2020\/04\/103-600x400.jpg 600w\" sizes=\"(max-width: 1000px) 100vw, 1000px\" \/>\n\t\t\t\t<figcaption><div><h4>103<\/h4><p class=\"cz_wpe_content\">Detaylar<\/p><\/div><a href=\"http:\/\/www.cappadociaabrascave.com\/tr\/?portfolio=103-triple\" title=\"103\"> <\/a><\/figcaption>\t\t\t\n\t\t\t<\/figure>\n\t\t<\/div><div class=\"cz_gap clr \" style=\"height: 10px\"><\/div>[vc_column_text]<\/p>\n<p style=\"text-align: center;\"><strong>103<\/strong><\/p>\n<p>[\/vc_column_text][\/vc_column][vc_column width=&#8221;1\/4&#8243;]<div id=\"cz_106041\" class=\"cz_106041 cz_banner clr wpb_animate_when_almost_visible flipInY\">\n\t\t\t<figure class=\"effect-style18\">\n\t\t\t\t<img width=\"1000\" height=\"666\" src=\"https:\/\/www.cappadociaabrascave.com\/tr\/wp-content\/uploads\/2020\/04\/201.jpg\" class=\"attachment-full\" alt=\"\" decoding=\"async\" loading=\"lazy\" srcset=\"https:\/\/www.cappadociaabrascave.com\/tr\/wp-content\/uploads\/2020\/04\/201.jpg 1000w, https:\/\/www.cappadociaabrascave.com\/tr\/wp-content\/uploads\/2020\/04\/201-300x200.jpg 300w, https:\/\/www.cappadociaabrascave.com\/tr\/wp-content\/uploads\/2020\/04\/201-768x511.jpg 768w, https:\/\/www.cappadociaabrascave.com\/tr\/wp-content\/uploads\/2020\/04\/201-600x400.jpg 600w\" sizes=\"(max-width: 1000px) 100vw, 1000px\" \/>\n\t\t\t\t<figcaption><div><h4>201<\/h4><p class=\"cz_wpe_content\">Detaylar<\/p><\/div><a href=\"http:\/\/www.cappadociaabrascave.com\/tr\/?portfolio=201-triple\" title=\"201 Triple\"> <\/a><\/figcaption>\t\t\t\n\t\t\t<\/figure>\n\t\t<\/div><div class=\"cz_gap clr \" style=\"height: 10px\"><\/div>[vc_column_text]<\/p>\n<p style=\"text-align: center;\"><strong>201<\/strong><\/p>\n<p>[\/vc_column_text][\/vc_column][vc_column width=&#8221;1\/4&#8243;]<div id=\"cz_30893\" class=\"cz_30893 cz_banner clr wpb_animate_when_almost_visible flipInY\">\n\t\t\t<figure class=\"effect-style18\">\n\t\t\t\t<img width=\"1000\" height=\"666\" src=\"https:\/\/www.cappadociaabrascave.com\/tr\/wp-content\/uploads\/2020\/04\/203d.jpg\" class=\"attachment-full\" alt=\"\" decoding=\"async\" loading=\"lazy\" srcset=\"https:\/\/www.cappadociaabrascave.com\/tr\/wp-content\/uploads\/2020\/04\/203d.jpg 1000w, https:\/\/www.cappadociaabrascave.com\/tr\/wp-content\/uploads\/2020\/04\/203d-300x200.jpg 300w, https:\/\/www.cappadociaabrascave.com\/tr\/wp-content\/uploads\/2020\/04\/203d-768x511.jpg 768w, https:\/\/www.cappadociaabrascave.com\/tr\/wp-content\/uploads\/2020\/04\/203d-600x400.jpg 600w\" sizes=\"(max-width: 1000px) 100vw, 1000px\" \/>\n\t\t\t\t<figcaption><div><h4>203<\/h4><p class=\"cz_wpe_content\">Detaylar<\/p><\/div><a href=\"http:\/\/www.cappadociaabrascave.com\/tr\/?portfolio=203-triple\" title=\"203 Triple\"> <\/a><\/figcaption>\t\t\t\n\t\t\t<\/figure>\n\t\t<\/div><div class=\"cz_gap clr \" style=\"height: 10px\"><\/div>[vc_column_text]<\/p>\n<p style=\"text-align: center;\"><strong>203<\/strong><\/p>\n<p>[\/vc_column_text][\/vc_column][\/vc_row][vc_row][vc_column]<div class=\"cz_gap clr \" style=\"height: 100px\"><\/div>[\/vc_column][\/vc_row]<\/p>\n","protected":false},"excerpt":{"rendered":"<p>[vc_row][vc_column][\/vc_column][\/vc_row][vc_row][vc_column width=&#8221;1\/4&#8243;][vc_column_text] 101 [\/vc_column_text][\/vc_column][vc_column width=&#8221;1\/4&#8243;][vc_column_text] 103 [\/vc_column_text][\/vc_column][vc_column width=&#8221;1\/4&#8243;][vc_column_text] 201 [\/vc_column_text][\/vc_column][vc_column width=&#8221;1\/4&#8243;][vc_column_text] 203 [\/vc_column_text][\/vc_column][\/vc_row][vc_row][vc_column][\/vc_column][\/vc_row] &#8230; <\/p>\n","protected":false},"author":1,"featured_media":0,"parent":0,"menu_order":0,"comment_status":"closed","ping_status":"closed","template":"","meta":[],"_links":{"self":[{"href":"https:\/\/www.cappadociaabrascave.com\/tr\/index.php?rest_route=\/wp\/v2\/pages\/1159"}],"collection":[{"href":"https:\/\/www.cappadociaabrascave.com\/tr\/index.php?rest_route=\/wp\/v2\/pages"}],"about":[{"href":"https:\/\/www.cappadociaabrascave.com\/tr\/index.php?rest_route=\/wp\/v2\/types\/page"}],"author":[{"embeddable":true,"href":"https:\/\/www.cappadociaabrascave.com\/tr\/index.php?rest_route=\/wp\/v2\/users\/1"}],"replies":[{"embeddable":true,"href":"https:\/\/www.cappadociaabrascave.com\/tr\/index.php?rest_route=%2Fwp%2Fv2%2Fcomments&post=1159"}],"version-history":[{"count":5,"href":"https:\/\/www.cappadociaabrascave.com\/tr\/index.php?rest_route=\/wp\/v2\/pages\/1159\/revisions"}],"predecessor-version":[{"id":1245,"href":"https:\/\/www.cappadociaabrascave.com\/tr\/index.php?rest_route=\/wp\/v2\/pages\/1159\/revisions\/1245"}],"wp:attachment":[{"href":"https:\/\/www.cappadociaabrascave.com\/tr\/index.php?rest_route=%2Fwp%2Fv2%2Fmedia&parent=1159"}],"curies":[{"name":"wp","href":"https:\/\/api.w.org\/{rel}","templated":true}]}}