{"id":19,"date":"2017-06-10T08:24:41","date_gmt":"2017-06-10T05:24:41","guid":{"rendered":"http:\/\/localhost\/xtra\/business\/?page_id=6"},"modified":"2020-04-25T02:32:56","modified_gmt":"2020-04-24T23:32:56","slug":"kapadokya","status":"publish","type":"page","link":"https:\/\/www.cappadociaabrascave.com\/tr\/?page_id=19","title":{"rendered":"Kapadokya"},"content":{"rendered":"<p>[vc_row][vc_column width=&#8221;1\/3&#8243;]<div id=\"cz_39829\" class=\"cz_39829 cz_image clr cz_image_no_fx wpb_animate_when_almost_visible fadeIn\"><div class=\"\"><div class=\"cz_image_in\"><div class=\"cz_main_image\"><img width=\"800\" height=\"533\" src=\"https:\/\/www.cappadociaabrascave.com\/tr\/wp-content\/uploads\/2020\/04\/abrascave.jpg\" class=\"attachment-full\" alt=\"\" decoding=\"async\" loading=\"lazy\" srcset=\"https:\/\/www.cappadociaabrascave.com\/tr\/wp-content\/uploads\/2020\/04\/abrascave.jpg 800w, https:\/\/www.cappadociaabrascave.com\/tr\/wp-content\/uploads\/2020\/04\/abrascave-300x200.jpg 300w, https:\/\/www.cappadociaabrascave.com\/tr\/wp-content\/uploads\/2020\/04\/abrascave-768x512.jpg 768w, https:\/\/www.cappadociaabrascave.com\/tr\/wp-content\/uploads\/2020\/04\/abrascave-600x400.jpg 600w\" sizes=\"(max-width: 800px) 100vw, 800px\" \/><\/div><\/div><\/div><\/div><div id=\"cz_52959\" class=\"cz_52959 cz_image clr cz_image_no_fx wpb_animate_when_almost_visible fadeIn\"><div class=\"\"><div class=\"cz_image_in\"><div class=\"cz_main_image\"><img width=\"800\" height=\"533\" src=\"https:\/\/www.cappadociaabrascave.com\/tr\/wp-content\/uploads\/2020\/04\/devrentvaley.jpg\" class=\"attachment-full\" alt=\"\" decoding=\"async\" loading=\"lazy\" srcset=\"https:\/\/www.cappadociaabrascave.com\/tr\/wp-content\/uploads\/2020\/04\/devrentvaley.jpg 800w, https:\/\/www.cappadociaabrascave.com\/tr\/wp-content\/uploads\/2020\/04\/devrentvaley-300x200.jpg 300w, https:\/\/www.cappadociaabrascave.com\/tr\/wp-content\/uploads\/2020\/04\/devrentvaley-768x512.jpg 768w, https:\/\/www.cappadociaabrascave.com\/tr\/wp-content\/uploads\/2020\/04\/devrentvaley-600x400.jpg 600w\" sizes=\"(max-width: 800px) 100vw, 800px\" \/><\/div><\/div><\/div><\/div><div id=\"cz_57540\" class=\"cz_57540 cz_image clr cz_image_no_fx wpb_animate_when_almost_visible fadeIn\"><div class=\"\"><div class=\"cz_image_in\"><div class=\"cz_main_image\"><img width=\"800\" height=\"533\" src=\"https:\/\/www.cappadociaabrascave.com\/tr\/wp-content\/uploads\/2020\/04\/goreme.jpg\" class=\"attachment-full\" alt=\"\" decoding=\"async\" loading=\"lazy\" srcset=\"https:\/\/www.cappadociaabrascave.com\/tr\/wp-content\/uploads\/2020\/04\/goreme.jpg 800w, https:\/\/www.cappadociaabrascave.com\/tr\/wp-content\/uploads\/2020\/04\/goreme-300x200.jpg 300w, https:\/\/www.cappadociaabrascave.com\/tr\/wp-content\/uploads\/2020\/04\/goreme-768x512.jpg 768w, https:\/\/www.cappadociaabrascave.com\/tr\/wp-content\/uploads\/2020\/04\/goreme-600x400.jpg 600w\" sizes=\"(max-width: 800px) 100vw, 800px\" \/><\/div><\/div><\/div><\/div>[\/vc_column][vc_column width=&#8221;2\/3&#8243;]<div id=\"cz_79048\" class=\"cz_79048 cz_title clr cz_title_ba_line cz_title_pos_inline wpb_animate_when_almost_visible fadeInRight\"><div class=\"cz_title_content\"><div class=\"cz_wpe_content\"><h3><span style=\"font-family: Playfair Display; font-size: 24px;\">Kapadokya<br \/>\n<\/span><\/h3>\n<\/div><div class=\"cz_title_line cz_line_after_title\"><span>_<\/span><\/div><\/div><\/div><div class=\"cz_gap clr \" style=\"height: 20px\"><\/div>[vc_column_text css_animation=&#8221;fadeInUp&#8221; css=&#8221;.vc_custom_1587771021091{border-radius: Select !important;}&#8221;]M.\u00d6. XII. y\u00fczy\u0131lda Hitit \u0130mparatorlu\u011fu\u2019nun \u00e7\u00f6k\u00fc\u015f\u00fcyle b\u00f6lgede karanl\u0131k bir d\u00f6nem ba\u015flar. Bu d\u00f6nemde Asur ve Frigya etkileri ta\u015f\u0131yan<br \/>\nge\u00e7 Hitit Krallar\u0131 b\u00f6lgeye egemen olur. Bu Krall\u0131klar M.\u00d6. VI. y\u00fczy\u0131ldaki Pers i\u015fgaline kadar s\u00fcrer. Bug\u00fcn kullan\u0131lan Kapadokya ad\u0131,<br \/>\nPers dilinde \u201cG\u00fczel Atlar \u00dclkesi\u201d anlam\u0131na geliyor. M.\u00d6. 332 y\u0131l\u0131nda B\u00fcy\u00fck \u0130skender Persleri yenilgiye u\u011frat\u0131r, ama Kapadokya\u2019da<br \/>\nb\u00fcy\u00fck bir diren\u00e7le kar\u015f\u0131la\u015f\u0131r. Bu d\u00f6nemde Kapadokya Krall\u0131\u011f\u0131 kurulur. M.\u00d6. III. yy. sonlar\u0131na do\u011fru Romal\u0131lar\u0131n g\u00fcc\u00fc b\u00f6lgede<br \/>\nhissedilmeye ba\u015flar. M.\u00d6. I. yy ortalar\u0131nda Kapadokya Krallar\u0131, Romal\u0131 generallerin g\u00fcc\u00fcyle atanmakta ve tahttan indirilmektedir.<br \/>\nM.S. 17 y\u0131l\u0131nda son Kapadokya kral\u0131 \u00f6l\u00fcnce b\u00f6lge Roma\u2019n\u0131n bir eyaleti olur.<\/p>\n<p>MS III. yy\u2019da Kapadokya\u2019ya H\u0131ristiyanlar gelir ve b\u00f6lge onlar i\u00e7in bir e\u011fitim ve d\u00fc\u015f\u00fcnce merkezi olur. 303-308 y\u0131llar\u0131 aras\u0131nda<br \/>\nH\u0131ristiyanlara uygulanan bask\u0131lar iyice artar. Fakat Kapadokya bask\u0131lardan korunmak ve H\u0131ristiyan \u00f6\u011fretiyi yaymak i\u00e7in ideal bir<br \/>\nyerdir. Derin vadiler ve volkanik yumu\u015fak kayalardan oyduklar\u0131 s\u0131\u011f\u0131naklar Romal\u0131 askerlere kar\u015f\u0131 g\u00fcvenli bir alan olu\u015fturur.<\/p>\n<p>Yine bu d\u00f6nemlerde, Anadolu\u2019nun Ermenistan\u2019dan Kapadokya\u2019ya kadar olan H\u0131ristiyan b\u00f6lgelerine Arap ak\u0131nlar\u0131 ba\u015flar. Bu ak\u0131nlardan<br \/>\nka\u00e7arak b\u00f6lgeye gelen insanlar b\u00f6lgedeki kiliselerin tarzlar\u0131n\u0131n de\u011fi\u015fmesine sebep olur. XI. ve XII. y\u00fczy\u0131llarda Kapadokya Sel\u00e7uklular\u0131n<br \/>\neline ge\u00e7er. Bu ve bunu takip eden Osmanl\u0131 zamanlar\u0131nda b\u00f6lge sorunsuz bir d\u00f6nem ge\u00e7irir.<\/p>\n<p>B\u00f6lge g\u00fcn\u00fcm\u00fczde turizm a\u00e7\u0131s\u0131ndan b\u00fcy\u00fck bir \u00f6neme sahiptir. Avanos, \u00dcrg\u00fcp, G\u00f6reme, Akvadi, U\u00e7hisar ve Ortahisar Kaleleri,<br \/>\nEl Nazar Kilisesi, Aynal\u0131 Kilise, G\u00fcvercinlik Vadisi, Derinkuyu, Kaymakl\u0131, \u00d6zkonak Yeralt\u0131 \u015eehirleri, Ihlara Vadisi, Selime K\u00f6y\u00fc,<br \/>\n\u00c7avu\u015fin, G\u00fcll\u00fcdere Vadisi, Pa\u015faba\u011f- Zelve belli ba\u015fl\u0131 g\u00f6r\u00fclmesi gereken yerlerdir.Kayalara oyulmu\u015f geleneksel Kapadokya evleri ve<br \/>\ng\u00fcvercinlikler y\u00f6renin \u00f6zg\u00fcnl\u00fc\u011f\u00fcn\u00fc dile getirirler. Bu evler 19.Y.Y. y\u00fczy\u0131lda yama\u00e7lara ya kayalar\u0131n ya da kesme ta\u015ftan in\u015fa<br \/>\nedilmi\u015flerdir. B\u00f6lgenin tek mimar\u0131 malzemesi olan ta\u015f y\u00f6renin volkanik yap\u0131s\u0131ndan dolay\u0131 ocaktan \u00e7\u0131kt\u0131ktan sonra yumu\u015fak<br \/>\noldu\u011fundan \u00e7ok rahat i\u015flenebilmekte ancak hava ile temas ettikten sonra sertle\u015ferek \u00e7ok dayanakl\u0131 bir yap\u0131 malzemesine<br \/>\nd\u00f6n\u00fc\u015fmektedir.[\/vc_column_text][\/vc_column][\/vc_row][vc_row][vc_column]<div class=\"cz_gap clr \" style=\"height: 50px\"><\/div>[\/vc_column][\/vc_row][vc_row full_width=&#8221;stretch_row_content&#8221; css=&#8221;.vc_custom_1497703304118{border-radius: Select !important;}&#8221; el_class=&#8221;no_padding&#8221;][vc_column css=&#8221;.vc_custom_1515947582823{border-radius: Select !important;}&#8221;]<div class=\"cz_btn_block\"><div class=\"cz_20612_p clr wpb_animate_when_almost_visible fadeIn\"><a id=\"cz_20612\" class=\"cz_20612 cz_btn cz_btn_txt_no_fx cz_btn_no_fx\" href=\"tel:+90%20384%20341%2024%2011\"><span><i class=\"fa czico-123-call\"><\/i><strong>Rezervasyon +90 384 341 24 11<\/strong><\/span><b class=\"cz_btn_onhover\"><i class=\"fa czico-123-call\"><\/i><strong>Rezervasyon +90 384 341 24 11<\/strong><\/b><\/a><\/div><\/div>[\/vc_column][\/vc_row][vc_row][vc_column]<div class=\"cz_gap clr \" style=\"height: 50px\"><\/div>[\/vc_column][\/vc_row]<\/p>\n","protected":false},"excerpt":{"rendered":"<p>[vc_row][vc_column width=&#8221;1\/3&#8243;][\/vc_column][vc_column width=&#8221;2\/3&#8243;][vc_column_text css_animation=&#8221;fadeInUp&#8221; css=&#8221;.vc_custom_1587771021091{border-radius: Select !important;}&#8221;]M.\u00d6. XII. y\u00fczy\u0131lda Hitit \u0130mparatorlu\u011fu\u2019nun \u00e7\u00f6k\u00fc\u015f\u00fcyle b\u00f6lgede karanl\u0131k bir d\u00f6nem ba\u015flar. Bu d\u00f6nemde Asur &#8230; <\/p>\n","protected":false},"author":1,"featured_media":0,"parent":0,"menu_order":0,"comment_status":"closed","ping_status":"closed","template":"","meta":[],"_links":{"self":[{"href":"https:\/\/www.cappadociaabrascave.com\/tr\/index.php?rest_route=\/wp\/v2\/pages\/19"}],"collection":[{"href":"https:\/\/www.cappadociaabrascave.com\/tr\/index.php?rest_route=\/wp\/v2\/pages"}],"about":[{"href":"https:\/\/www.cappadociaabrascave.com\/tr\/index.php?rest_route=\/wp\/v2\/types\/page"}],"author":[{"embeddable":true,"href":"https:\/\/www.cappadociaabrascave.com\/tr\/index.php?rest_route=\/wp\/v2\/users\/1"}],"replies":[{"embeddable":true,"href":"https:\/\/www.cappadociaabrascave.com\/tr\/index.php?rest_route=%2Fwp%2Fv2%2Fcomments&post=19"}],"version-history":[{"count":26,"href":"https:\/\/www.cappadociaabrascave.com\/tr\/index.php?rest_route=\/wp\/v2\/pages\/19\/revisions"}],"predecessor-version":[{"id":1233,"href":"https:\/\/www.cappadociaabrascave.com\/tr\/index.php?rest_route=\/wp\/v2\/pages\/19\/revisions\/1233"}],"wp:attachment":[{"href":"https:\/\/www.cappadociaabrascave.com\/tr\/index.php?rest_route=%2Fwp%2Fv2%2Fmedia&parent=19"}],"curies":[{"name":"wp","href":"https:\/\/api.w.org\/{rel}","templated":true}]}}