{"id":23,"date":"2017-06-10T08:25:52","date_gmt":"2017-06-10T05:25:52","guid":{"rendered":"http:\/\/localhost\/xtra\/business\/?page_id=10"},"modified":"2020-05-10T20:59:30","modified_gmt":"2020-05-10T17:59:30","slug":"iletisim","status":"publish","type":"page","link":"https:\/\/www.cappadociaabrascave.com\/tr\/?page_id=23","title":{"rendered":"\u0130leti\u015fim"},"content":{"rendered":"<p>[vc_row][vc_column width=&#8221;1\/3&#8243;]<div id=\"cz_64728\" class=\"cz_64728 cz_title clr cz_title_has_icon cz_title_pos_inline\"><div class=\"cz_title_content\"><i class=\"cz_title_icon_before fa fa-envelope-o\"><\/i><div class=\"cz_wpe_content\"><h4>Email<\/h4>\n<p><a href=\"mailto:info@cappadociaabrascave.com\">info@cappadociaabrascave.com<\/a><\/p>\n<\/div><\/div><\/div><div class=\"cz_gap clr  hide_on_tablet hide_on_mobile\" style=\"height: 50px\"><\/div><div class=\"cz_gap show_on_tablet clr \" style=\"height: 0px\"><\/div>[\/vc_column][vc_column width=&#8221;1\/3&#8243;]<div id=\"cz_17441\" class=\"cz_17441 cz_title clr cz_title_has_icon cz_title_pos_inline\"><div class=\"cz_title_content\"><i class=\"cz_title_icon_before fa fa-volume-control-phone\"><\/i><div class=\"cz_wpe_content\"><h4>Telefon<\/h4>\n<p>+90 384 341 24 11<\/p>\n<\/div><\/div><\/div><div class=\"cz_gap clr  hide_on_tablet hide_on_mobile\" style=\"height: 50px\"><\/div><div class=\"cz_gap show_on_tablet clr \" style=\"height: 0px\"><\/div>[\/vc_column][vc_column width=&#8221;1\/3&#8243;]<div id=\"cz_41236\" class=\"cz_41236 cz_title clr cz_title_has_icon cz_title_pos_inline\"><div class=\"cz_title_content\"><i class=\"cz_title_icon_before fa fa-map-marker\"><\/i><div class=\"cz_wpe_content\"><h4>Adres<\/h4>\n<p>Karahandere Mah. Sucuo\u011flu-2 Sok. No:9 \u00dcrg\u00fcp\/NEV\u015eEH\u0130R<\/p>\n<\/div><\/div><\/div>[\/vc_column][\/vc_row][vc_row css=&#8221;.vc_custom_1497126171788{background-position: center !important;background-repeat: no-repeat !important;background-size: cover !important;}&#8221;][vc_column width=&#8221;1\/2&#8243; css=&#8221;.vc_custom_1497709613577{padding-right: 30px !important;border-radius: Select !important;}&#8221;]<div id=\"cz_86388\" class=\"cz_86388 cz_title clr cz_title_ba_line cz_title_pos_inline\"><div class=\"cz_title_content\"><div class=\"cz_wpe_content\"><h3><span style=\"font-size: 24px;\">Rezervasyon<\/span><\/h3>\n<\/div><div class=\"cz_title_line cz_line_after_title\"><span>_<\/span><\/div><\/div><\/div><div class=\"cz_gap clr \" style=\"height: 50px\"><\/div><div id=\"cz_90743\" class=\"cz_90743 cz_cf7 clr\"><div><div role=\"form\" class=\"wpcf7\" id=\"wpcf7-f798-o1\" lang=\"tr-TR\" dir=\"ltr\">\n<div class=\"screen-reader-response\" aria-live=\"polite\"><\/div>\n<form action=\"\/tr\/index.php?rest_route=%2Fwp%2Fv2%2Fpages%2F23#wpcf7-f798-o1\" method=\"post\" class=\"wpcf7-form\" novalidate=\"novalidate\">\n<div style=\"display: none;\">\n<input type=\"hidden\" name=\"_wpcf7\" value=\"798\" \/>\n<input type=\"hidden\" name=\"_wpcf7_version\" value=\"5.1.9\" \/>\n<input type=\"hidden\" name=\"_wpcf7_locale\" value=\"tr_TR\" \/>\n<input type=\"hidden\" name=\"_wpcf7_unit_tag\" value=\"wpcf7-f798-o1\" \/>\n<input type=\"hidden\" name=\"_wpcf7_container_post\" value=\"0\" \/>\n<\/div>\n<p><label> Name <\/label><br \/>\n<span class=\"wpcf7-form-control-wrap your-name\"><input type=\"text\" name=\"your-name\" value=\"\" size=\"40\" class=\"wpcf7-form-control wpcf7-text wpcf7-validates-as-required\" aria-required=\"true\" aria-invalid=\"false\" \/><\/span><\/p>\n<p><label> E-Mail <\/label><br \/>\n<span class=\"wpcf7-form-control-wrap your-email\"><input type=\"email\" name=\"your-email\" value=\"\" size=\"40\" class=\"wpcf7-form-control wpcf7-text wpcf7-email wpcf7-validates-as-required wpcf7-validates-as-email\" aria-required=\"true\" aria-invalid=\"false\" \/><\/span><\/p>\n<p><label> Phone <\/label><br \/>\n<span class=\"wpcf7-form-control-wrap your-phone\"><input type=\"text\" name=\"your-phone\" value=\"\" size=\"40\" class=\"wpcf7-form-control wpcf7-text wpcf7-validates-as-required\" aria-required=\"true\" aria-invalid=\"false\" \/><\/span><\/p>\n<p><label> Arrival Date <\/label><br \/>\n<span class=\"wpcf7-form-control-wrap date-319\"><input type=\"date\" name=\"date-319\" value=\"\" class=\"wpcf7-form-control wpcf7-date wpcf7-validates-as-required wpcf7-validates-as-date\" aria-required=\"true\" aria-invalid=\"false\" \/><\/span><\/p>\n<p><label> Departure Date <\/label><br \/>\n<span class=\"wpcf7-form-control-wrap date-319\"><input type=\"date\" name=\"date-319\" value=\"\" class=\"wpcf7-form-control wpcf7-date wpcf7-validates-as-required wpcf7-validates-as-date\" aria-required=\"true\" aria-invalid=\"false\" \/><\/span><\/p>\n<p><label>Room Chose<\/label><br \/>\n<span class=\"wpcf7-form-control-wrap menu-177\"><select name=\"menu-177\" class=\"wpcf7-form-control wpcf7-select wpcf7-validates-as-required\" aria-required=\"true\" aria-invalid=\"false\"><option value=\"Double Room\">Double Room<\/option><option value=\"Triple Room\">Triple Room<\/option><\/select><\/span><\/p>\n<p><label>Transfer <\/label><br \/>\n<span class=\"wpcf7-form-control-wrap menu-178\"><select name=\"menu-178\" class=\"wpcf7-form-control wpcf7-select wpcf7-validates-as-required\" aria-required=\"true\" aria-invalid=\"false\"><option value=\"No\">No<\/option><option value=\"Yes\">Yes<\/option><\/select><\/span><\/p>\n<p><label>Adult<\/label><br \/>\n<span class=\"wpcf7-form-control-wrap menu-179\"><select name=\"menu-179\" class=\"wpcf7-form-control wpcf7-select wpcf7-validates-as-required\" aria-required=\"true\" aria-invalid=\"false\"><option value=\"1\">1<\/option><option value=\"2\">2<\/option><option value=\"3\">3<\/option><option value=\"4\">4<\/option><\/select><\/span><\/p>\n<p><label>Children<\/label><br \/>\n<span class=\"wpcf7-form-control-wrap menu-180\"><select name=\"menu-180\" class=\"wpcf7-form-control wpcf7-select wpcf7-validates-as-required\" aria-required=\"true\" aria-invalid=\"false\"><option value=\"1\">1<\/option><option value=\"2\">2<\/option><option value=\"3\">3<\/option><option value=\"4\">4<\/option><\/select><\/span><\/p>\n<p><label> Your Message <\/label><br \/>\n<span class=\"wpcf7-form-control-wrap your-message\"><textarea name=\"your-message\" cols=\"40\" rows=\"10\" class=\"wpcf7-form-control wpcf7-textarea\" aria-invalid=\"false\"><\/textarea><\/span><\/p>\n<p><input type=\"submit\" value=\"Send\" class=\"wpcf7-form-control wpcf7-submit\" \/><\/p>\n<div class=\"wpcf7-response-output wpcf7-display-none\" aria-hidden=\"true\"><\/div><\/form><\/div><\/div><\/div><div class=\"cz_gap clr  hide_on_tablet hide_on_mobile\" style=\"height: 100px\"><\/div><div class=\"cz_gap show_on_tablet clr \" style=\"height: 50px\"><\/div>[\/vc_column][vc_column width=&#8221;1\/2&#8243;]<div id=\"cz_47926\" class=\"cz_47926 gmap\" data-api-key=\"AIzaSyDUIJF0WaBUhV2qCJDtRZcMoy7SkINfWGA\"> <\/div><div ><\/div><script type=\"text\/javascript\">\n\t\t\tfunction mapfucntion_cz_47926() {\n\t\t\t\tvar latlng = new google.maps.LatLng(38.6269302, 34.9048195);\n\t\t\t\tvar myOptions = {\n\t\t\t\t\tzoom: 17,\n\t\t\t\t\tcenter: latlng,\n\t\t\t\t\tscrollwheel: false,\n\t\t\t\t\tdisableDefaultUI: false\n\t\t\t\t};\n\t\t\t\tvar cz_47926 = new google.maps.Map(document.getElementById(\"cz_47926\"),\n\t\t\t\tmyOptions);\n\t\t\t\tvar image = \"https:\/\/www.cappadociaabrascave.com\/tr\/wp-content\/uploads\/2017\/06\/mapmarker-1.png\";var marker = new google.maps.Marker({map: cz_47926,icon: image,position: cz_47926.getCenter()});}<\/script><div class=\"cz_gap clr  hide_on_tablet hide_on_mobile\" style=\"height: 100px\"><\/div><div class=\"cz_gap show_on_tablet clr \" style=\"height: 50px\"><\/div>[\/vc_column][\/vc_row][vc_row full_width=&#8221;stretch_row_content&#8221; css=&#8221;.vc_custom_1497709674874{border-radius: Select !important;}&#8221; el_class=&#8221;no_padding&#8221;][vc_column css=&#8221;.vc_custom_1516196055279{border-radius: Select !important;}&#8221;]<div class=\"cz_btn_block\"><div class=\"cz_39970_p\"><a id=\"cz_39970\" class=\"cz_39970 cz_btn cz_btn_txt_no_fx cz_btn_no_fx\" href=\"tel:+90%20384%20341%2024%2011\"><span><i class=\"fa fa-volume-control-phone\"><\/i><strong>Rezervasyon +90 384 341 24 11<\/strong><\/span><b class=\"cz_btn_onhover\"><i class=\"fa fa-volume-control-phone\"><\/i><strong>Rezervasyon +90 384 341 24 11<\/strong><\/b><\/a><\/div><\/div>[\/vc_column][\/vc_row]<\/p>\n","protected":false},"excerpt":{"rendered":"<p>[vc_row][vc_column width=&#8221;1\/3&#8243;][\/vc_column][vc_column width=&#8221;1\/3&#8243;][\/vc_column][vc_column width=&#8221;1\/3&#8243;][\/vc_column][\/vc_row][vc_row css=&#8221;.vc_custom_1497126171788{background-position: center !important;background-repeat: no-repeat !important;background-size: cover !important;}&#8221;][vc_column width=&#8221;1\/2&#8243; css=&#8221;.vc_custom_1497709613577{padding-right: 30px !important;border-radius: Select !important;}&#8221;][\/vc_column][vc_column width=&#8221;1\/2&#8243;][\/vc_column][\/vc_row][vc_row full_width=&#8221;stretch_row_content&#8221; css=&#8221;.vc_custom_1497709674874{border-radius: &#8230; <\/p>\n","protected":false},"author":1,"featured_media":0,"parent":0,"menu_order":0,"comment_status":"closed","ping_status":"closed","template":"","meta":[],"_links":{"self":[{"href":"https:\/\/www.cappadociaabrascave.com\/tr\/index.php?rest_route=\/wp\/v2\/pages\/23"}],"collection":[{"href":"https:\/\/www.cappadociaabrascave.com\/tr\/index.php?rest_route=\/wp\/v2\/pages"}],"about":[{"href":"https:\/\/www.cappadociaabrascave.com\/tr\/index.php?rest_route=\/wp\/v2\/types\/page"}],"author":[{"embeddable":true,"href":"https:\/\/www.cappadociaabrascave.com\/tr\/index.php?rest_route=\/wp\/v2\/users\/1"}],"replies":[{"embeddable":true,"href":"https:\/\/www.cappadociaabrascave.com\/tr\/index.php?rest_route=%2Fwp%2Fv2%2Fcomments&post=23"}],"version-history":[{"count":14,"href":"https:\/\/www.cappadociaabrascave.com\/tr\/index.php?rest_route=\/wp\/v2\/pages\/23\/revisions"}],"predecessor-version":[{"id":1246,"href":"https:\/\/www.cappadociaabrascave.com\/tr\/index.php?rest_route=\/wp\/v2\/pages\/23\/revisions\/1246"}],"wp:attachment":[{"href":"https:\/\/www.cappadociaabrascave.com\/tr\/index.php?rest_route=%2Fwp%2Fv2%2Fmedia&parent=23"}],"curies":[{"name":"wp","href":"https:\/\/api.w.org\/{rel}","templated":true}]}}