{"id":268,"date":"2017-06-10T08:21:56","date_gmt":"2017-06-10T05:21:56","guid":{"rendered":"http:\/\/localhost\/xtra\/business\/?page_id=4"},"modified":"2020-05-15T02:19:48","modified_gmt":"2020-05-14T23:19:48","slug":"abras","status":"publish","type":"page","link":"https:\/\/www.cappadociaabrascave.com\/tr\/","title":{"rendered":"Abras"},"content":{"rendered":"<p>[vc_row][vc_column]<div class=\"cz_eqh cz_content_box_parent_fx  \"><div id=\"cz_83442\" class=\"cz_83442 cz_content_box clr hide_on_tablet hide_on_mobile\"><div class=\"cz_box_front clr\"><div class=\"cz_box_front_inner clr \"><span><\/span><div><div id=\"cz_82799\" class=\"cz_82799 cz_cf7 clr\"><div><div role=\"form\" class=\"wpcf7\" id=\"wpcf7-f926-o1\" lang=\"tr-TR\" dir=\"ltr\">\n<div class=\"screen-reader-response\" aria-live=\"polite\"><\/div>\n<form action=\"\/tr\/index.php?rest_route=%2Fwp%2Fv2%2Fpages%2F268#wpcf7-f926-o1\" method=\"post\" class=\"wpcf7-form\" novalidate=\"novalidate\">\n<div style=\"display: none;\">\n<input type=\"hidden\" name=\"_wpcf7\" value=\"926\" \/>\n<input type=\"hidden\" name=\"_wpcf7_version\" value=\"5.1.9\" \/>\n<input type=\"hidden\" name=\"_wpcf7_locale\" value=\"tr_TR\" \/>\n<input type=\"hidden\" name=\"_wpcf7_unit_tag\" value=\"wpcf7-f926-o1\" \/>\n<input type=\"hidden\" name=\"_wpcf7_container_post\" value=\"0\" \/>\n<\/div>\n<p><label>Email<\/label><span class=\"wpcf7-form-control-wrap your-email\"><input type=\"email\" name=\"your-email\" value=\"\" size=\"40\" class=\"wpcf7-form-control wpcf7-text wpcf7-email wpcf7-validates-as-required wpcf7-validates-as-email\" aria-required=\"true\" aria-invalid=\"false\" placeholder=\"E-Mail Adress ...\" \/><\/span><\/p>\n<p><label>Arrival<\/label><span class=\"wpcf7-form-control-wrap date-752\"><input type=\"date\" name=\"date-752\" value=\"\" class=\"wpcf7-form-control wpcf7-date wpcf7-validates-as-required wpcf7-validates-as-date\" aria-required=\"true\" aria-invalid=\"false\" \/><\/span><\/p>\n<p><label>Departure<\/label><span class=\"wpcf7-form-control-wrap date-753\"><input type=\"date\" name=\"date-753\" value=\"\" class=\"wpcf7-form-control wpcf7-date wpcf7-validates-as-required wpcf7-validates-as-date\" aria-required=\"true\" aria-invalid=\"false\" \/><\/span><\/p>\n<p><label>Adult<\/label><span class=\"wpcf7-form-control-wrap menu-835\"><select name=\"menu-835\" class=\"wpcf7-form-control wpcf7-select wpcf7-validates-as-required\" aria-required=\"true\" aria-invalid=\"false\"><option value=\"1\">1<\/option><option value=\"2\">2<\/option><option value=\"3\">3<\/option><option value=\"4\">4<\/option><\/select><\/span><\/p>\n<p><label>Children<\/label><span class=\"wpcf7-form-control-wrap menu-987\"><select name=\"menu-987\" class=\"wpcf7-form-control wpcf7-select\" aria-invalid=\"false\"><option value=\"0\">0<\/option><option value=\"1\">1<\/option><option value=\"2\">2<\/option><option value=\"3\">3<\/option><option value=\"4\">4<\/option><\/select><\/span><\/p>\n<p><input type=\"submit\" value=\"Reservation\" class=\"wpcf7-form-control wpcf7-submit\" \/><\/p>\n<div class=\"wpcf7-response-output wpcf7-display-none\" aria-hidden=\"true\"><\/div><\/form><\/div><\/div><\/div><\/div><\/div><\/div><\/div><\/div>[\/vc_column][\/vc_row][vc_row][vc_column]<div class=\"cz_gap clr  hide_on_tablet hide_on_mobile\" style=\"height: 50px\"><\/div><div class=\"cz_gap show_on_tablet clr \" style=\"height: 20px\"><\/div>[\/vc_column][\/vc_row][vc_row][vc_column offset=&#8221;vc_col-md-4&#8243; css=&#8221;.vc_custom_1558103865186{margin-top: 20px !important;}&#8221;]<div id=\"cz_101920\" class=\"cz_101920 cz_image clr cz_image_no_fx center_on_mobile\"><div class=\"\"><div class=\"cz_image_in\"><div class=\"cz_main_image\"><img width=\"800\" height=\"533\" src=\"https:\/\/www.cappadociaabrascave.com\/tr\/wp-content\/uploads\/2020\/04\/abrascave.jpg\" class=\"attachment-full\" alt=\"\" decoding=\"async\" loading=\"lazy\" srcset=\"https:\/\/www.cappadociaabrascave.com\/tr\/wp-content\/uploads\/2020\/04\/abrascave.jpg 800w, https:\/\/www.cappadociaabrascave.com\/tr\/wp-content\/uploads\/2020\/04\/abrascave-300x200.jpg 300w, https:\/\/www.cappadociaabrascave.com\/tr\/wp-content\/uploads\/2020\/04\/abrascave-768x512.jpg 768w, https:\/\/www.cappadociaabrascave.com\/tr\/wp-content\/uploads\/2020\/04\/abrascave-600x400.jpg 600w\" sizes=\"(max-width: 800px) 100vw, 800px\" \/><\/div><\/div><\/div><\/div>[\/vc_column][vc_column offset=&#8221;vc_col-md-8&#8243;]<div class=\"cz_gap clr \" style=\"height: 50px\"><\/div><div class=\"cz_gap clr \" style=\"height: 30px\"><\/div>[vc_column_text css_animation=&#8221;fadeInUp&#8221;]<\/p>\n<div style=\"line-height: 1.7; color: #272727;\">\n<h1><strong>ABRAS CAVE HOTEL ;<\/strong><\/h1>\n<p>18. Y\u00fczy\u0131lda kalma orjinal \u015fapeliyle g\u00f6rkemli bir cave oteldir.Eski rum d\u00f6neminde de papaz okulu olarak kullan\u0131lan ma\u011fara otelimiz mistik ve tarihi dokusuyla misafirlerimize farkl\u0131 bir deneyim ya\u015fatacakt\u0131r.<\/p>\n<p>Oda ve kahvalt\u0131 konsepti ile hizmet veren butik otelimiz, siz konuklar\u0131m\u0131za kapadokya da e\u015fsiz bir k\u00fclt\u00fcr turizmi ya\u015fatmak i\u00e7in b\u00fcnyesinde bir \u00e7ok aktiviteler bulunmaktad\u0131r<\/p>\n<\/div>\n<p>[\/vc_column_text][\/vc_column][\/vc_row][vc_row][vc_column]<div class=\"cz_gap clr \" style=\"height: 60px\"><\/div><div id=\"cz_103152\" class=\"cz_103152 cz_title clr cz_title_pos_inline tac\"><div class=\"cz_title_content\"><span class=\"cz_line_side_solo\">_<\/span><div class=\"cz_wpe_content\"><p style=\"text-align: center;\"><span style=\"font-size: 32px; color: #6e106e;\"><strong><span style=\"font-family: Raleway;\">Odalar<\/span><\/strong><\/span><\/p>\n<\/div><span class=\"cz_line_side_solo cz_line_side_after\" style=\"left:1px\">_<\/span><\/div><\/div><div class=\"cz_gap clr \" style=\"height: 50px\"><\/div>[\/vc_column][\/vc_row][vc_row][vc_column width=&#8221;1\/4&#8243;]<div class=\"cz_gap clr  hide_on_tablet hide_on_mobile\" style=\"height: 5px\"><\/div><div class=\"cz_gap show_on_tablet clr \" style=\"height: 30px\"><\/div><div id=\"cz_34142\" class=\"cz_34142 cz_title clr cz_title_pos_inline\"><div class=\"cz_title_content\"><div class=\"cz_wpe_content\"><h2><span style=\"font-size: 34px;\">\u00d6zellikler<\/span><\/h2>\n<\/div><\/div><\/div><div class=\"cz_gap clr \" style=\"height: 30px\"><\/div><ul id=\"cz_37119\" class=\"cz_37119 cz_stylish_list clr cz_sl_icon_hover_zoom_in\"><li class=\"clr\"><div class=\"cz_sl_icon\"><i class=\"fa fa-wifi mr10\"><\/i><\/div><div><span>\u00dccretsiz Wifi<\/span><\/div><\/li><li class=\"clr\"><div class=\"cz_sl_icon\"><i class=\"fa fa-check mr10\"><\/i><\/div><div><span>7\/24 Resepsiyon<\/span><\/div><\/li><li class=\"clr\"><div class=\"cz_sl_icon\"><i class=\"fa fa-spoon mr10\"><\/i><\/div><div><span>Oda & Kahvalt\u0131<\/span><\/div><\/li><li class=\"clr\"><div class=\"cz_sl_icon\"><i class=\"fa fa-car mr10\"><\/i><\/div><div><span>Otopark<\/span><\/div><\/li><\/ul>[\/vc_column][vc_column width=&#8221;1\/4&#8243;]<div id=\"cz_38651\" class=\"cz_38651 cz_banner clr wpb_animate_when_almost_visible flipInY\">\n\t\t\t<figure class=\"effect-style18\">\n\t\t\t\t<img width=\"1000\" height=\"666\" src=\"https:\/\/www.cappadociaabrascave.com\/tr\/wp-content\/uploads\/2020\/04\/104.jpg\" class=\"attachment-full\" alt=\"\" decoding=\"async\" loading=\"lazy\" srcset=\"https:\/\/www.cappadociaabrascave.com\/tr\/wp-content\/uploads\/2020\/04\/104.jpg 1000w, https:\/\/www.cappadociaabrascave.com\/tr\/wp-content\/uploads\/2020\/04\/104-300x200.jpg 300w, https:\/\/www.cappadociaabrascave.com\/tr\/wp-content\/uploads\/2020\/04\/104-768x511.jpg 768w, https:\/\/www.cappadociaabrascave.com\/tr\/wp-content\/uploads\/2020\/04\/104-600x400.jpg 600w\" sizes=\"(max-width: 1000px) 100vw, 1000px\" \/>\n\t\t\t\t<figcaption><div><h4>\u00c7ift Ki\u015filik<\/h4><p class=\"cz_wpe_content\">Odalar\u0131 \u0130ncele<\/p><\/div><a href=\"http:\/\/www.cappadociaabrascave.com\/tr\/?page_id=1156\" title=\"\u00c7ift Ki\u015filik\"> <\/a><\/figcaption>\t\t\t\n\t\t\t<\/figure>\n\t\t<\/div><div class=\"cz_gap clr \" style=\"height: 10px\"><\/div>[\/vc_column][vc_column width=&#8221;1\/4&#8243;]<div id=\"cz_60314\" class=\"cz_60314 cz_banner clr wpb_animate_when_almost_visible flipInY\">\n\t\t\t<figure class=\"effect-style18\">\n\t\t\t\t<img width=\"1000\" height=\"666\" src=\"https:\/\/www.cappadociaabrascave.com\/tr\/wp-content\/uploads\/2020\/04\/201.jpg\" class=\"attachment-full\" alt=\"\" decoding=\"async\" loading=\"lazy\" srcset=\"https:\/\/www.cappadociaabrascave.com\/tr\/wp-content\/uploads\/2020\/04\/201.jpg 1000w, https:\/\/www.cappadociaabrascave.com\/tr\/wp-content\/uploads\/2020\/04\/201-300x200.jpg 300w, https:\/\/www.cappadociaabrascave.com\/tr\/wp-content\/uploads\/2020\/04\/201-768x511.jpg 768w, https:\/\/www.cappadociaabrascave.com\/tr\/wp-content\/uploads\/2020\/04\/201-600x400.jpg 600w\" sizes=\"(max-width: 1000px) 100vw, 1000px\" \/>\n\t\t\t\t<figcaption><div><h4>\u00dc\u00e7 Ki\u015filik<\/h4><p class=\"cz_wpe_content\">Odalar\u0131 \u0130ncele<\/p><\/div><a href=\"http:\/\/www.cappadociaabrascave.com\/tr\/?page_id=1159\" title=\"\u00dc\u00e7 Ki\u015filik\"> <\/a><\/figcaption>\t\t\t\n\t\t\t<\/figure>\n\t\t<\/div><div class=\"cz_gap clr \" style=\"height: 10px\"><\/div>[\/vc_column][vc_column width=&#8221;1\/4&#8243;]<div id=\"cz_35239\" class=\"cz_35239 cz_banner clr wpb_animate_when_almost_visible flipInY\">\n\t\t\t<figure class=\"effect-style18\">\n\t\t\t\t<img width=\"1075\" height=\"717\" src=\"https:\/\/www.cappadociaabrascave.com\/tr\/wp-content\/uploads\/2020\/05\/balayiabras.jpg\" class=\"attachment-full\" alt=\"\" decoding=\"async\" loading=\"lazy\" srcset=\"https:\/\/www.cappadociaabrascave.com\/tr\/wp-content\/uploads\/2020\/05\/balayiabras.jpg 1075w, https:\/\/www.cappadociaabrascave.com\/tr\/wp-content\/uploads\/2020\/05\/balayiabras-300x200.jpg 300w, https:\/\/www.cappadociaabrascave.com\/tr\/wp-content\/uploads\/2020\/05\/balayiabras-1024x683.jpg 1024w, https:\/\/www.cappadociaabrascave.com\/tr\/wp-content\/uploads\/2020\/05\/balayiabras-768x512.jpg 768w, https:\/\/www.cappadociaabrascave.com\/tr\/wp-content\/uploads\/2020\/05\/balayiabras-600x400.jpg 600w\" sizes=\"(max-width: 1075px) 100vw, 1075px\" \/>\n\t\t\t\t<figcaption><div><h4>Balay\u0131<\/h4><p class=\"cz_wpe_content\">\u0130ncele<\/p><\/div><a href=\"http:\/\/www.cappadociaabrascave.com\/tr\/?portfolio=balayi-odasi\" title=\"\u00dc\u00e7 Ki\u015filik\"> <\/a><\/figcaption>\t\t\t\n\t\t\t<\/figure>\n\t\t<\/div><div class=\"cz_gap clr \" style=\"height: 10px\"><\/div>[\/vc_column][\/vc_row][vc_row][vc_column]<div class=\"cz_gap clr \" style=\"height: 60px\"><\/div>[\/vc_column][\/vc_row][vc_row full_width=&#8221;stretch_row&#8221; parallax=&#8221;content-moving&#8221; css=&#8221;.vc_custom_1586352858526{padding-top: 100px !important;padding-bottom: 80px !important;background-color: #663366 !important;}&#8221;][vc_column]<div id=\"cz_27788\" class=\"cz_grid_p cz_27788\"><div class=\"cz_grid cz_grid_1 clr cz_metro_2 cz_grid_c4 cz_grid_1_no_title cz_grid_1_mid tac\" data-gap=\"10\"><div class=\"cz_grid_item cz_grid_first\"><\/div><div class=\"cz_grid_item \"><div><a class=\"cz_grid_link \" href=\"https:\/\/www.cappadociaabrascave.com\/tr\/wp-content\/uploads\/2020\/04\/kahvalti4.jpg\"><img width=\"600\" height=\"600\" src=\"https:\/\/www.cappadociaabrascave.com\/tr\/wp-content\/uploads\/2020\/04\/kahvalti4-600x600.jpg\" class=\"attachment-codevz_600_600\" alt=\"\" decoding=\"async\" loading=\"lazy\" srcset=\"https:\/\/www.cappadociaabrascave.com\/tr\/wp-content\/uploads\/2020\/04\/kahvalti4-600x600.jpg 600w, https:\/\/www.cappadociaabrascave.com\/tr\/wp-content\/uploads\/2020\/04\/kahvalti4-150x150.jpg 150w\" sizes=\"(max-width: 600px) 100vw, 600px\" \/><div class=\"cz_grid_details\"><i class=\"fa fa-search cz_grid_icon\"><\/i><h3>kahvalti4 ...<\/h3><\/div><\/a><\/div><\/div><div class=\"cz_grid_item \"><div><a class=\"cz_grid_link \" href=\"https:\/\/www.cappadociaabrascave.com\/tr\/wp-content\/uploads\/2020\/04\/kahvalti.jpg\"><img width=\"600\" height=\"600\" src=\"https:\/\/www.cappadociaabrascave.com\/tr\/wp-content\/uploads\/2020\/04\/kahvalti-600x600.jpg\" class=\"attachment-codevz_600_600\" alt=\"\" decoding=\"async\" loading=\"lazy\" srcset=\"https:\/\/www.cappadociaabrascave.com\/tr\/wp-content\/uploads\/2020\/04\/kahvalti-600x600.jpg 600w, https:\/\/www.cappadociaabrascave.com\/tr\/wp-content\/uploads\/2020\/04\/kahvalti-150x150.jpg 150w\" sizes=\"(max-width: 600px) 100vw, 600px\" \/><div class=\"cz_grid_details\"><i class=\"fa fa-search cz_grid_icon\"><\/i><h3>kahvalti ...<\/h3><\/div><\/a><\/div><\/div><div class=\"cz_grid_item \"><div><a class=\"cz_grid_link \" href=\"https:\/\/www.cappadociaabrascave.com\/tr\/wp-content\/uploads\/2020\/04\/kisbahcesi2.jpg\"><img width=\"600\" height=\"600\" src=\"https:\/\/www.cappadociaabrascave.com\/tr\/wp-content\/uploads\/2020\/04\/kisbahcesi2-600x600.jpg\" class=\"attachment-codevz_600_600\" alt=\"\" decoding=\"async\" loading=\"lazy\" srcset=\"https:\/\/www.cappadociaabrascave.com\/tr\/wp-content\/uploads\/2020\/04\/kisbahcesi2-600x600.jpg 600w, https:\/\/www.cappadociaabrascave.com\/tr\/wp-content\/uploads\/2020\/04\/kisbahcesi2-150x150.jpg 150w\" sizes=\"(max-width: 600px) 100vw, 600px\" \/><div class=\"cz_grid_details\"><i class=\"fa fa-search cz_grid_icon\"><\/i><h3>kisbahcesi2 ...<\/h3><\/div><\/a><\/div><\/div><div class=\"cz_grid_item \"><div><a class=\"cz_grid_link \" href=\"https:\/\/www.cappadociaabrascave.com\/tr\/wp-content\/uploads\/2020\/04\/kisbahcesi.jpg\"><img width=\"600\" height=\"600\" src=\"https:\/\/www.cappadociaabrascave.com\/tr\/wp-content\/uploads\/2020\/04\/kisbahcesi-600x600.jpg\" class=\"attachment-codevz_600_600\" alt=\"\" decoding=\"async\" loading=\"lazy\" srcset=\"https:\/\/www.cappadociaabrascave.com\/tr\/wp-content\/uploads\/2020\/04\/kisbahcesi-600x600.jpg 600w, https:\/\/www.cappadociaabrascave.com\/tr\/wp-content\/uploads\/2020\/04\/kisbahcesi-150x150.jpg 150w\" sizes=\"(max-width: 600px) 100vw, 600px\" \/><div class=\"cz_grid_details\"><i class=\"fa fa-search cz_grid_icon\"><\/i><h3>kisbahcesi ...<\/h3><\/div><\/a><\/div><\/div><div class=\"cz_grid_item \"><div><a class=\"cz_grid_link \" href=\"https:\/\/www.cappadociaabrascave.com\/tr\/wp-content\/uploads\/2020\/04\/kisbahcesi5.jpg\"><img width=\"600\" height=\"600\" src=\"https:\/\/www.cappadociaabrascave.com\/tr\/wp-content\/uploads\/2020\/04\/kisbahcesi5-600x600.jpg\" class=\"attachment-codevz_600_600\" alt=\"\" decoding=\"async\" loading=\"lazy\" srcset=\"https:\/\/www.cappadociaabrascave.com\/tr\/wp-content\/uploads\/2020\/04\/kisbahcesi5-600x600.jpg 600w, https:\/\/www.cappadociaabrascave.com\/tr\/wp-content\/uploads\/2020\/04\/kisbahcesi5-150x150.jpg 150w\" sizes=\"(max-width: 600px) 100vw, 600px\" \/><div class=\"cz_grid_details\"><i class=\"fa fa-search cz_grid_icon\"><\/i><h3>kisbahcesi5 ...<\/h3><\/div><\/a><\/div><\/div><div class=\"cz_grid_item \"><div><a class=\"cz_grid_link \" href=\"https:\/\/www.cappadociaabrascave.com\/tr\/wp-content\/uploads\/2020\/04\/klise.jpg\"><img width=\"600\" height=\"600\" src=\"https:\/\/www.cappadociaabrascave.com\/tr\/wp-content\/uploads\/2020\/04\/klise-600x600.jpg\" class=\"attachment-codevz_600_600\" alt=\"\" decoding=\"async\" loading=\"lazy\" srcset=\"https:\/\/www.cappadociaabrascave.com\/tr\/wp-content\/uploads\/2020\/04\/klise-600x600.jpg 600w, https:\/\/www.cappadociaabrascave.com\/tr\/wp-content\/uploads\/2020\/04\/klise-150x150.jpg 150w\" sizes=\"(max-width: 600px) 100vw, 600px\" \/><div class=\"cz_grid_details\"><i class=\"fa fa-search cz_grid_icon\"><\/i><h3>klise ...<\/h3><\/div><\/a><\/div><\/div><div class=\"cz_grid_item \"><div><a class=\"cz_grid_link \" href=\"https:\/\/www.cappadociaabrascave.com\/tr\/wp-content\/uploads\/2020\/04\/204.jpg\"><img width=\"600\" height=\"600\" src=\"https:\/\/www.cappadociaabrascave.com\/tr\/wp-content\/uploads\/2020\/04\/204-600x600.jpg\" class=\"attachment-codevz_600_600\" alt=\"\" decoding=\"async\" loading=\"lazy\" srcset=\"https:\/\/www.cappadociaabrascave.com\/tr\/wp-content\/uploads\/2020\/04\/204-600x600.jpg 600w, https:\/\/www.cappadociaabrascave.com\/tr\/wp-content\/uploads\/2020\/04\/204-150x150.jpg 150w\" sizes=\"(max-width: 600px) 100vw, 600px\" \/><div class=\"cz_grid_details\"><i class=\"fa fa-search cz_grid_icon\"><\/i><h3>204 ...<\/h3><\/div><\/a><\/div><\/div><div class=\"cz_grid_item \"><div><a class=\"cz_grid_link \" href=\"https:\/\/www.cappadociaabrascave.com\/tr\/wp-content\/uploads\/2020\/04\/106-1.jpg\"><img width=\"600\" height=\"600\" src=\"https:\/\/www.cappadociaabrascave.com\/tr\/wp-content\/uploads\/2020\/04\/106-1-600x600.jpg\" class=\"attachment-codevz_600_600\" alt=\"\" decoding=\"async\" loading=\"lazy\" srcset=\"https:\/\/www.cappadociaabrascave.com\/tr\/wp-content\/uploads\/2020\/04\/106-1-600x600.jpg 600w, https:\/\/www.cappadociaabrascave.com\/tr\/wp-content\/uploads\/2020\/04\/106-1-150x150.jpg 150w\" sizes=\"(max-width: 600px) 100vw, 600px\" \/><div class=\"cz_grid_details\"><i class=\"fa fa-search cz_grid_icon\"><\/i><h3>106 ...<\/h3><\/div><\/a><\/div><\/div><div class=\"cz_grid_item \"><div><a class=\"cz_grid_link \" href=\"https:\/\/www.cappadociaabrascave.com\/tr\/wp-content\/uploads\/2020\/04\/203a.jpg\"><img width=\"600\" height=\"600\" src=\"https:\/\/www.cappadociaabrascave.com\/tr\/wp-content\/uploads\/2020\/04\/203a-600x600.jpg\" class=\"attachment-codevz_600_600\" alt=\"\" decoding=\"async\" loading=\"lazy\" srcset=\"https:\/\/www.cappadociaabrascave.com\/tr\/wp-content\/uploads\/2020\/04\/203a-600x600.jpg 600w, https:\/\/www.cappadociaabrascave.com\/tr\/wp-content\/uploads\/2020\/04\/203a-150x150.jpg 150w\" sizes=\"(max-width: 600px) 100vw, 600px\" \/><div class=\"cz_grid_details\"><i class=\"fa fa-search cz_grid_icon\"><\/i><h3>203a ...<\/h3><\/div><\/a><\/div><\/div><div class=\"cz_grid_item \"><div><a class=\"cz_grid_link \" href=\"https:\/\/www.cappadociaabrascave.com\/tr\/wp-content\/uploads\/2020\/04\/106a.jpg\"><img width=\"600\" height=\"600\" src=\"https:\/\/www.cappadociaabrascave.com\/tr\/wp-content\/uploads\/2020\/04\/106a-600x600.jpg\" class=\"attachment-codevz_600_600\" alt=\"\" decoding=\"async\" loading=\"lazy\" srcset=\"https:\/\/www.cappadociaabrascave.com\/tr\/wp-content\/uploads\/2020\/04\/106a-600x600.jpg 600w, https:\/\/www.cappadociaabrascave.com\/tr\/wp-content\/uploads\/2020\/04\/106a-150x150.jpg 150w\" sizes=\"(max-width: 600px) 100vw, 600px\" \/><div class=\"cz_grid_details\"><i class=\"fa fa-search cz_grid_icon\"><\/i><h3>106a ...<\/h3><\/div><\/a><\/div><\/div><\/div><\/div>[\/vc_column][\/vc_row][vc_row][vc_column]<div class=\"cz_gap clr \" style=\"height: 20px\"><\/div>[\/vc_column][\/vc_row][vc_row full_width=&#8221;stretch_row_content&#8221; css=&#8221;.vc_custom_1497703304118{}&#8221; el_class=&#8221;no_padding&#8221;][vc_column css=&#8221;.vc_custom_1513689645038{}&#8221;]<div class=\"cz_btn_block\"><div class=\"cz_32580_p\"><a id=\"cz_32580\" class=\"cz_32580 cz_btn cz_btn_txt_no_fx cz_btn_no_fx\" href=\"tel:+90%20384%20341%2024%2011\"><span><i class=\"fa fa-volume-control-phone\"><\/i><strong>Rezervasyon +90 384 341 24 11<\/strong><\/span><b class=\"cz_btn_onhover\"><i class=\"fa fa-volume-control-phone\"><\/i><strong>Rezervasyon +90 384 341 24 11<\/strong><\/b><\/a><\/div><\/div>[\/vc_column][\/vc_row][vc_row][vc_column]<div class=\"cz_gap clr \" style=\"height: 20px\"><\/div>[\/vc_column][\/vc_row]<\/p>\n","protected":false},"excerpt":{"rendered":"<p>[vc_row][vc_column][\/vc_column][\/vc_row][vc_row][vc_column][\/vc_column][\/vc_row][vc_row][vc_column offset=&#8221;vc_col-md-4&#8243; css=&#8221;.vc_custom_1558103865186{margin-top: 20px !important;}&#8221;][\/vc_column][vc_column offset=&#8221;vc_col-md-8&#8243;][vc_column_text css_animation=&#8221;fadeInUp&#8221;] ABRAS CAVE HOTEL ; 18. Y\u00fczy\u0131lda kalma orjinal \u015fapeliyle g\u00f6rkemli bir cave oteldir.Eski &#8230; <\/p>\n","protected":false},"author":1,"featured_media":0,"parent":0,"menu_order":0,"comment_status":"closed","ping_status":"closed","template":"","meta":[],"_links":{"self":[{"href":"https:\/\/www.cappadociaabrascave.com\/tr\/index.php?rest_route=\/wp\/v2\/pages\/268"}],"collection":[{"href":"https:\/\/www.cappadociaabrascave.com\/tr\/index.php?rest_route=\/wp\/v2\/pages"}],"about":[{"href":"https:\/\/www.cappadociaabrascave.com\/tr\/index.php?rest_route=\/wp\/v2\/types\/page"}],"author":[{"embeddable":true,"href":"https:\/\/www.cappadociaabrascave.com\/tr\/index.php?rest_route=\/wp\/v2\/users\/1"}],"replies":[{"embeddable":true,"href":"https:\/\/www.cappadociaabrascave.com\/tr\/index.php?rest_route=%2Fwp%2Fv2%2Fcomments&post=268"}],"version-history":[{"count":141,"href":"https:\/\/www.cappadociaabrascave.com\/tr\/index.php?rest_route=\/wp\/v2\/pages\/268\/revisions"}],"predecessor-version":[{"id":1265,"href":"https:\/\/www.cappadociaabrascave.com\/tr\/index.php?rest_route=\/wp\/v2\/pages\/268\/revisions\/1265"}],"wp:attachment":[{"href":"https:\/\/www.cappadociaabrascave.com\/tr\/index.php?rest_route=%2Fwp%2Fv2%2Fmedia&parent=268"}],"curies":[{"name":"wp","href":"https:\/\/api.w.org\/{rel}","templated":true}]}}